{"id":2,"date":"2015-06-28T00:46:08","date_gmt":"2015-06-27T23:46:08","guid":{"rendered":"http:\/\/www.ecoutetoirever.fr\/blog\/?page_id=2"},"modified":"2016-03-20T12:47:33","modified_gmt":"2016-03-20T10:47:33","slug":"a-propos","status":"publish","type":"page","link":"https:\/\/www.ecoutetoirever.fr\/blog\/a-propos\/","title":{"rendered":"A propos"},"content":{"rendered":"<h2>Qu&rsquo;est-ce que \u00ab\u00a0\u00c9coute Toi R\u00eaver\u00a0\u00bb ?<\/h2>\n<p>\u00c9coute Toi R\u00eaver (ETR) est un blog de partages et d&rsquo;\u00e9coutes sur vos r\u00eaves et cauchemars, dans lequel je vous fais part de mes exp\u00e9riences.<br \/>\nVous apprendrez comment retenir vos r\u00eaves.<br \/>\nJe vous donnerais aussi des pistes et astuces pour<strong> utiliser vos r\u00eaves comme impulsion au bien-\u00eatre quotidien.<\/strong><\/p>\n<h2>Mon histoire<\/h2>\n<p>Je m&rsquo;appelle Marie Jo, alias AimeDjy, admin et cr\u00e9atrice du blog ETR.<br \/>\nA 12 ans, j&rsquo;ai vu une \u00e9mission t\u00e9l\u00e9 sur le sommeil et les r\u00eaves.<strong> On passe 1\/3 de notre vie \u00e0 dormir!<\/strong> C&rsquo;est \u00c9NORME : un tiers!<br \/>\nImaginez, sur 60 ans, c&rsquo;est 20 ans de sommeil!<br \/>\nPour moi, il fallait exploiter ce temps! Depuis, chaque jour, je prends le temps de retenir mes r\u00eaves et cauchemars.<br \/>\nAujourd&rsquo;hui j&rsquo;ai la trentaine, soit <strong>une bonne exp\u00e9rience de 20 ans derri\u00e8re moi<\/strong>!<\/p>\n<p>Au fils des ann\u00e9es, j&rsquo;ai appris \u00e0 retenir de nombreux r\u00eaves par nuit, mais \u00e9galement \u00e0 tester diff\u00e9rentes exp\u00e9riences. Et c&rsquo;est plut\u00f4t surprenant, tout ce qu&rsquo;on peut faire en r\u00eave! Et pas seulement restreint aux r\u00eaves!<\/p>\n<p>\u00c9tant jeune, <strong>par honte<\/strong>, je ne racontais jamais mes r\u00eaves.<br \/>\nMais <strong>un jour, j&rsquo;ai eu un d\u00e9clic et j&rsquo;ai d\u00e9cid\u00e9 de changer<\/strong> \u00e7a! D\u00e8s lors que je r\u00eavais de quelqu&rsquo;un, et que c&rsquo;\u00e9tait positif, je devais en parler au moins \u00e0 la personne concern\u00e9e!<br \/>\nPour moi r\u00eaver d&rsquo;une personne, c&rsquo;est l&rsquo;appr\u00e9cier, donc autant lui raconter, et autant rire ensemble, non? \ud83d\ude42<br \/>\n\u00ab\u00a0Eh! J&rsquo;ai r\u00eav\u00e9 de toi!\u00a0\u00bb est une phrase que j&rsquo;ai dit tous les jours pendant des ann\u00e9es!<br \/>\nMa r\u00e9putation de parler de r\u00eaves est connue. Et j&rsquo;assume totalement! \ud83d\ude42<\/p>\n<h2>L&rsquo;histoire de la cr\u00e9ation de \u00ab\u00a0\u00c9coute toi R\u00eaver\u00a0\u00bb<\/h2>\n<p>Un jour, Vincent, un ami dont la femme venait d&rsquo;accoucher, m&rsquo;a confi\u00e9 un <strong>cauchemar troublant<\/strong>.<br \/>\nIl fait le m\u00eame r\u00eave depuis une semaine et il <b>se sentait mal<\/b> toute la journ\u00e9e et en \u00e9tait arriver \u00e0 <b>d\u00e9primer<\/b>&#8230; Il trouvait ce cauchemar <b>\u00ab\u00a0gore\u00a0\u00bb!<\/b> Quand Vincent me racontait son cauchemar, je voyais un sourire crisp\u00e9, en m\u00eame temps il mimait les gestes :<\/p>\n<blockquote style=\"margin-bottom: 10px; background-color: #abd5f9; border: 1px solid #0d5592; padding: 10px 10px 5px 10px;\">\n<p style=\"margin: 0; padding: 0;\">Je poignardais mon nouveau n\u00e9, \u00e0 plusieurs coups de couteaux. Comme il ne mourrait pas, je m&rsquo;acharnais dessus.<\/p>\n<\/blockquote>\n<p>A entendre son cauchemar, on ressent beaucoup de tensions et d&rsquo;angoisse, une boule dans la gorge&#8230;<br \/>\nJe lui ai expliqu\u00e9 ce qu&rsquo;est un r\u00eave et l&rsquo;utilit\u00e9 d&rsquo;un cauchemar. Je lui ai fait une interpr\u00e9tation : le b\u00e9b\u00e9, ce n&rsquo;est pas son b\u00e9b\u00e9, mais c&rsquo;est \u00ab\u00a0lui\u00a0\u00bb, l&rsquo;enfant qui est en lui. Il essaie de tuer son c\u00f4t\u00e9 gamin mais il n\u2019y arrive pas. Pour devenir plus adulte, devenir p\u00e8re. Le couteau est un moyen de d\u00e9fense, une intelligence affut\u00e9e.<\/p>\n<p>Il m&rsquo;a dit que c&rsquo;\u00e9tait exact, il ne voulait pas arr\u00eater les sorties \u00ab\u00a0entre potes\u00a0\u00bb pour devenir p\u00e8re. Il a ressenti un <strong>soulagement en comprenant ce cauchemar<\/strong>.<\/p>\n<p>D&rsquo;o\u00f9 la naissance de mon projet. Tu as toute ma reconnaissance, Vincent. Si je peux aider, ne serait-ce qu&rsquo;une personne, j&rsquo;en serais heureuse.<\/p>\n<h2>Qu&rsquo;est ce que \u00ab\u00a0\u00c9coute Toi R\u00eaver\u00a0\u00bb vous propose?<\/h2>\n<ul>\n<li>Vous apprendre \u00e0 <b>retenir<\/b> vos r\u00eaves<\/li>\n<li>Vous <b>lib\u00e9rer<\/b> de ce sentiment de honte autour du r\u00eave.<\/li>\n<li><b>Utiliser<\/b> vos r\u00eaves! Ne plus les laisser sur un bout de papier!<\/li>\n<li><b>G\u00e9n\u00e9rer du bien-\u00eatre<\/b> \u00e0 partir de vos r\u00eaves<\/li>\n<li><b>Am\u00e9liorer vos relations<\/b> gr\u00e2ce aux r\u00eaves<\/li>\n<li>Vous <b>assumer<\/b>!<\/li>\n<li><b>Sourire<\/b>!<\/li>\n<li><strong>Comprendre votre inconscient<\/strong>, par vos cauchemars, vous \u00e9couter!<br \/>\nEt pleins de belles choses \u00e0 venir \ud83d\ude42<\/li>\n<\/ul>\n<h2>Mais&#8230; Quelles sont les conditions?<\/h2>\n<ul>\n<li><b>Respecter l&rsquo;anonymat<\/b> des personnes.<br \/>\nUn r\u00eave peut r\u00e9v\u00e9ler bien des situations de votre vie<\/li>\n<li><b>Politesse<\/b><\/li>\n<li>Pour ma part, je m&rsquo;engage, \u00e0 ne pas publier vos r\u00eaves sans votre accord.<\/li>\n<\/ul>\n<h2>Bof! Les r\u00eaves tout le monde en parlent sur le web&#8230;<\/h2>\n<p>Les informations sont partout! Comment faire confiance \u00e0 tel ou tel site?<br \/>\nJe ne suis pas psychologue, mais je m&rsquo;y int\u00e9resse. Du haut de <strong>mes 20 ans d&rsquo;exp\u00e9riences<\/strong>, j&rsquo;ai appris \u00e9norm\u00e9ment et j&rsquo;ai su l&rsquo;utiliser dans ma vie quotidienne pour l&rsquo;am\u00e9liorer. Je vous montrerais comment.<\/p>\n<ul>\n<li>Je sais identifier mes probl\u00e8mes internes gr\u00e2ce aux r\u00eaves et cauchemars.<\/li>\n<li>Je calme les angoisses li\u00e9es au cauchemar.<\/li>\n<li>Je trouve la solution de mes probl\u00e8mes dans mes r\u00eaves.<\/li>\n<li>J&rsquo;ai des \u00e9clairs de g\u00e9nie, les yeux ferm\u00e9s!<\/li>\n<li>Je retiens de 2 \u00e0 7 r\u00eaves par nuit.<\/li>\n<li>Je suis capable de raconter les d\u00e9tails, les textures, les personnes que je vois la nuit.<\/li>\n<li>Je garde mes \u00e9motions du r\u00eave, au r\u00e9veil, en sachant d&rsquo;o\u00f9 ils viennent, je les transforme.<\/li>\n<li>J&rsquo;ai fait parfois des r\u00eaves pr\u00e9monitoires.<\/li>\n<li>Je peux contr\u00f4ler mes r\u00eaves<\/li>\n<li>Je suis spectatrice, actrice (et m\u00eame acteur! Et des fois les 2 en m\u00eame temps) et parfois metteur en sc\u00e8ne! (on parle toujours de r\u00eaves \ud83d\ude42 )<\/li>\n<\/ul>\n<p>Alors? Tent\u00e9(e) par l&rsquo;aventure? \u00c9crivez moi! \ud83d\ude00<\/p>\n","protected":false},"excerpt":{"rendered":"<p>Qu&rsquo;est-ce que \u00ab\u00a0\u00c9coute Toi R\u00eaver\u00a0\u00bb ? \u00c9coute Toi R\u00eaver (ETR) est un blog de partages et d&rsquo;\u00e9coutes sur vos r\u00eaves et cauchemars, dans lequel je vous fais part de mes exp\u00e9riences. Vous apprendrez comment retenir vos r\u00eaves. Je vous donnerais aussi des pistes et astuces pour utiliser vos r\u00eaves comme impulsion au bien-\u00eatre quotidien. Mon [&hellip;]<\/p>\n","protected":false},"author":1,"featured_media":0,"parent":0,"menu_order":0,"comment_status":"open","ping_status":"open","template":"","meta":{"footnotes":""},"class_list":["post-2","page","type-page","status-publish","hentry"],"_links":{"self":[{"href":"https:\/\/www.ecoutetoirever.fr\/blog\/wp-json\/wp\/v2\/pages\/2","targetHints":{"allow":["GET"]}}],"collection":[{"href":"https:\/\/www.ecoutetoirever.fr\/blog\/wp-json\/wp\/v2\/pages"}],"about":[{"href":"https:\/\/www.ecoutetoirever.fr\/blog\/wp-json\/wp\/v2\/types\/page"}],"author":[{"embeddable":true,"href":"https:\/\/www.ecoutetoirever.fr\/blog\/wp-json\/wp\/v2\/users\/1"}],"replies":[{"embeddable":true,"href":"https:\/\/www.ecoutetoirever.fr\/blog\/wp-json\/wp\/v2\/comments?post=2"}],"version-history":[{"count":24,"href":"https:\/\/www.ecoutetoirever.fr\/blog\/wp-json\/wp\/v2\/pages\/2\/revisions"}],"predecessor-version":[{"id":247,"href":"https:\/\/www.ecoutetoirever.fr\/blog\/wp-json\/wp\/v2\/pages\/2\/revisions\/247"}],"wp:attachment":[{"href":"https:\/\/www.ecoutetoirever.fr\/blog\/wp-json\/wp\/v2\/media?parent=2"}],"curies":[{"name":"wp","href":"https:\/\/api.w.org\/{rel}","templated":true}]}}